{"id":3786,"date":"2023-12-07T11:12:53","date_gmt":"2023-12-07T10:12:53","guid":{"rendered":"https:\/\/peterustinovschule.de\/?page_id=3786"},"modified":"2026-01-05T18:41:41","modified_gmt":"2026-01-05T17:41:41","slug":"mein-start-an-der-peter-ustinov-schule-eckernfoerde","status":"publish","type":"page","link":"https:\/\/peterustinovschule.de\/?page_id=3786","title":{"rendered":"Mein Start an der PUS in Eckernf\u00f6rde &#8211; Informationen f\u00fcr Viertkl\u00e4ssler*innen 2026"},"content":{"rendered":"\n<div class=\"wp-block-columns is-layout-flex wp-container-3 wp-block-columns-is-layout-flex\">\n<div class=\"wp-block-column is-layout-flow wp-block-column-is-layout-flow\">\n<figure class=\"wp-block-embed is-type-video is-provider-youtube wp-block-embed-youtube wp-embed-aspect-16-9 wp-has-aspect-ratio\"><div class=\"wp-block-embed__wrapper\">\n<iframe loading=\"lazy\" title=\"Peter-Ustinov-Schule Imagefilm (2023)\" width=\"1032\" height=\"581\" src=\"https:\/\/www.youtube.com\/embed\/0LzldcZcJRo?feature=oembed\" frameborder=\"0\" allow=\"accelerometer; autoplay; clipboard-write; encrypted-media; gyroscope; picture-in-picture; web-share\" referrerpolicy=\"strict-origin-when-cross-origin\" allowfullscreen><\/iframe>\n<\/div><\/figure>\n<\/div>\n\n\n\n<div class=\"wp-block-column is-layout-flow wp-block-column-is-layout-flow\">\n<figure class=\"wp-block-embed is-type-video is-provider-youtube wp-block-embed-youtube wp-embed-aspect-16-9 wp-has-aspect-ratio\"><div class=\"wp-block-embed__wrapper\">\n<iframe loading=\"lazy\" title=\"PUS - Der Film\" width=\"1032\" height=\"581\" src=\"https:\/\/www.youtube.com\/embed\/w4SGT5WDzKQ?start=1&#038;feature=oembed\" frameborder=\"0\" allow=\"accelerometer; autoplay; clipboard-write; encrypted-media; gyroscope; picture-in-picture; web-share\" referrerpolicy=\"strict-origin-when-cross-origin\" allowfullscreen><\/iframe>\n<\/div><\/figure>\n<\/div>\n<\/div>\n\n\n\n<p class=\"has-accent-1-background-color has-background has-normal-font-size\">Informationen f\u00fcr Viertkl\u00e4ssler*innen 2026<\/p>\n\n\n\n<p class=\"has-large-font-size\"><strong>Dein Start an der Peter-Ustinov-Schule Eckernf\u00f6rde \u2013<\/strong> <strong>Informationen f\u00fcr Viertkl\u00e4ssler*innen 2026<\/strong><\/p>\n\n\n\n<p><\/p>\n\n\n\n<p class=\"has-normal-font-size\"><strong>Liebe Sch\u00fclerinnen und Sch\u00fcler, liebe Eltern,<\/strong><\/p>\n\n\n\n<p class=\"has-normal-font-size\">wir freuen uns, dass ihr euch und Sie sich f\u00fcr die Peter-Ustinov-Schule Eckernf\u00f6rde als weiterf\u00fchrende Schule interessieren.<\/p>\n\n\n\n<p class=\"has-normal-font-size\"><strong>Am 10. Februar 2026 um 18 Uhr findet an der Peter-Ustinov-Schule Eckernf\u00f6rde ein Informationsabend statt, zu dem wir alle Interessierten (Eltern und Sch\u00fcler\/innen) herzlich einladen.<\/strong><\/p>\n\n\n\n<p class=\"has-normal-font-size\">Zus\u00e4tzlich habt ihr und haben Sie die M\u00f6glichkeit, durch unseren Imagefilm sowie unsere Brosch\u00fcre auf unserer Homepage einen Einblick in das vielf\u00e4ltige Schulleben an der Peter-Ustinov-Schule Eckernf\u00f6rde zu bekommen.<\/p>\n\n\n\n<p class=\"has-normal-font-size\">Neu dabei ist auch ein Film \u00fcber unsere Schule, den Sch\u00fclerinnen und Sch\u00fcler k\u00fcrzlich als Projekt erstellt haben! Viel Spa\u00df beim Gucken!<\/p>\n\n\n\n<p class=\"has-large-font-size\"><strong>Anmeldezeitraum<\/strong><\/p>\n\n\n\n<p class=\"has-normal-font-size\">Die Anmeldungen der neuen F\u00fcnftkl\u00e4sslerinnen und F\u00fcnftkl\u00e4ssler finden vom <strong>23.02.2026 bis zum 04.03.2026<\/strong> zu folgenden Zeiten statt:<\/p>\n\n\n\n<figure class=\"wp-block-image size-large\"><img decoding=\"async\" loading=\"lazy\" width=\"1024\" height=\"268\" src=\"https:\/\/peterustinovschule.de\/wp-content\/uploads\/2025\/12\/Screenshot-2025-12-04-125644-1024x268.png\" alt=\"\" class=\"wp-image-4967\" srcset=\"https:\/\/peterustinovschule.de\/wp-content\/uploads\/2025\/12\/Screenshot-2025-12-04-125644-1024x268.png 1024w, https:\/\/peterustinovschule.de\/wp-content\/uploads\/2025\/12\/Screenshot-2025-12-04-125644-300x78.png 300w, https:\/\/peterustinovschule.de\/wp-content\/uploads\/2025\/12\/Screenshot-2025-12-04-125644-768x201.png 768w, https:\/\/peterustinovschule.de\/wp-content\/uploads\/2025\/12\/Screenshot-2025-12-04-125644-583x152.png 583w, https:\/\/peterustinovschule.de\/wp-content\/uploads\/2025\/12\/Screenshot-2025-12-04-125644.png 1167w\" sizes=\"(max-width: 1024px) 100vw, 1024px\" \/><\/figure>\n\n\n\n<p class=\"has-normal-font-size\">Herzliche Gr\u00fc\u00dfe<br>Aislin Heemsoth<br>Koordinatorin der Klassenstufen 5-7<\/p>\n\n\n\n<div style=\"height:100px\" aria-hidden=\"true\" class=\"wp-block-spacer\"><\/div>\n\n\n\n<div class=\"wp-block-file alignleft\"><a id=\"wp-block-file--media-e9d12555-7dac-4012-84c4-81c56d9ae154\" href=\"https:\/\/peterustinovschule.de\/wp-content\/uploads\/2024\/11\/Checkliste-1.pdf\">Checkliste-1<\/a><a href=\"https:\/\/peterustinovschule.de\/wp-content\/uploads\/2024\/11\/Checkliste-1.pdf\" class=\"wp-block-file__button wp-element-button\" download aria-describedby=\"wp-block-file--media-e9d12555-7dac-4012-84c4-81c56d9ae154\">Herunterladen<\/a><\/div>\n\n\n\n<div class=\"wp-block-file alignleft\"><a id=\"wp-block-file--media-b552cb3e-8b42-433c-bb62-745cb9882a42\" href=\"https:\/\/peterustinovschule.de\/wp-content\/uploads\/2025\/12\/Aufnahmeantrag-allgemein-2026_2027.pdf\">Aufnahmeantrag-allgemein-2026_2027<\/a><a href=\"https:\/\/peterustinovschule.de\/wp-content\/uploads\/2025\/12\/Aufnahmeantrag-allgemein-2026_2027.pdf\" class=\"wp-block-file__button wp-element-button\" download aria-describedby=\"wp-block-file--media-b552cb3e-8b42-433c-bb62-745cb9882a42\">Herunterladen<\/a><\/div>\n\n\n\n<div class=\"wp-block-file alignleft\"><a id=\"wp-block-file--media-4d45af29-a516-478d-8118-0f1bd99c8806\" href=\"https:\/\/peterustinovschule.de\/wp-content\/uploads\/2026\/01\/PUS-Broschuere-25_26.pdf\">PUS-Broschuere-25_26<\/a><a href=\"https:\/\/peterustinovschule.de\/wp-content\/uploads\/2026\/01\/PUS-Broschuere-25_26.pdf\" class=\"wp-block-file__button wp-element-button\" download aria-describedby=\"wp-block-file--media-4d45af29-a516-478d-8118-0f1bd99c8806\">Herunterladen<\/a><\/div>\n","protected":false},"excerpt":{"rendered":"<p>Informationen f\u00fcr Viertkl\u00e4ssler*innen 2026 Dein Start an der Peter-Ustinov-Schule Eckernf\u00f6rde \u2013 Informationen f\u00fcr Viertkl\u00e4ssler*innen 2026 Liebe Sch\u00fclerinnen und Sch\u00fcler, liebe Eltern, wir freuen uns, dass &hellip;<\/p>\n","protected":false},"author":1,"featured_media":0,"parent":0,"menu_order":0,"comment_status":"closed","ping_status":"closed","template":"","meta":{"footnotes":""},"_links":{"self":[{"href":"https:\/\/peterustinovschule.de\/index.php?rest_route=\/wp\/v2\/pages\/3786"}],"collection":[{"href":"https:\/\/peterustinovschule.de\/index.php?rest_route=\/wp\/v2\/pages"}],"about":[{"href":"https:\/\/peterustinovschule.de\/index.php?rest_route=\/wp\/v2\/types\/page"}],"author":[{"embeddable":true,"href":"https:\/\/peterustinovschule.de\/index.php?rest_route=\/wp\/v2\/users\/1"}],"replies":[{"embeddable":true,"href":"https:\/\/peterustinovschule.de\/index.php?rest_route=%2Fwp%2Fv2%2Fcomments&post=3786"}],"version-history":[{"count":0,"href":"https:\/\/peterustinovschule.de\/index.php?rest_route=\/wp\/v2\/pages\/3786\/revisions"}],"wp:attachment":[{"href":"https:\/\/peterustinovschule.de\/index.php?rest_route=%2Fwp%2Fv2%2Fmedia&parent=3786"}],"curies":[{"name":"wp","href":"https:\/\/api.w.org\/{rel}","templated":true}]}}