{"id":3617,"date":"2023-10-31T15:14:18","date_gmt":"2023-10-31T14:14:18","guid":{"rendered":"https:\/\/peterustinovschule.de\/?page_id=3617"},"modified":"2023-11-06T19:54:18","modified_gmt":"2023-11-06T18:54:18","slug":"willkommen","status":"publish","type":"page","link":"https:\/\/peterustinovschule.de\/","title":{"rendered":"Willkommen"},"content":{"rendered":"\n<h2 class=\"wp-block-heading\">Herzlich willkommen auf unserer Webseite<\/h2>\n\n\n\n<p>Die Peter-Ustinov-Schule ist eine Schule f\u00fcr alle Sch\u00fclerinnen und Sch\u00fcler. Bei uns kann man alle Abschl\u00fcsse erreichen. Wir erwarten Selbst\u00e4ndigkeit und Verantwortung im Umgang mit sich und anderen.<\/p>\n\n\n\n<p>Sch\u00f6n, dass Sie den Weg zu uns gefunden haben.<\/p>\n\n\n\n<p>Imke Freudenthal<\/p>\n\n\n\n<p>(Oberstudiendirektorin)<\/p>\n\n\n\n<blockquote class=\"wp-block-quote has-text-align-center has-accent-2-color has-text-color has-normal-font-size\">\n<p class=\"has-text-align-center\"><strong>\u201cDie Akzeptanz der Unterschiede ist Voraussetzung f\u00fcr die \u00dcberraschung von Gemeinsamkeiten.<\/strong>&#8221; \/\/ Sir Peter Ustinov<\/p>\n\n\n<div class=\"wp-block-image is-style-rounded\">\n<figure class=\"aligncenter size-large is-resized\"><img decoding=\"async\" loading=\"lazy\" width=\"736\" height=\"1024\" src=\"https:\/\/peterustinovschule.de\/wp-content\/uploads\/2020\/01\/800px-Peter_Ustinov_black__white_Allan_Warren-736x1024.jpg\" alt=\"\" class=\"wp-image-60\" style=\"aspect-ratio:0.71875;width:306px;height:auto\" srcset=\"https:\/\/peterustinovschule.de\/wp-content\/uploads\/2020\/01\/800px-Peter_Ustinov_black__white_Allan_Warren-736x1024.jpg 736w, https:\/\/peterustinovschule.de\/wp-content\/uploads\/2020\/01\/800px-Peter_Ustinov_black__white_Allan_Warren-216x300.jpg 216w, https:\/\/peterustinovschule.de\/wp-content\/uploads\/2020\/01\/800px-Peter_Ustinov_black__white_Allan_Warren-768x1068.jpg 768w, https:\/\/peterustinovschule.de\/wp-content\/uploads\/2020\/01\/800px-Peter_Ustinov_black__white_Allan_Warren-230x320.jpg 230w, https:\/\/peterustinovschule.de\/wp-content\/uploads\/2020\/01\/800px-Peter_Ustinov_black__white_Allan_Warren-350x487.jpg 350w, https:\/\/peterustinovschule.de\/wp-content\/uploads\/2020\/01\/800px-Peter_Ustinov_black__white_Allan_Warren-480x668.jpg 480w, https:\/\/peterustinovschule.de\/wp-content\/uploads\/2020\/01\/800px-Peter_Ustinov_black__white_Allan_Warren.jpg 800w\" sizes=\"(max-width: 736px) 100vw, 736px\" \/><\/figure><\/div><cite>Foto: Allan Warren<\/cite><\/blockquote>\n","protected":false},"excerpt":{"rendered":"<p>Herzlich willkommen auf unserer Webseite Die Peter-Ustinov-Schule ist eine Schule f\u00fcr alle Sch\u00fclerinnen und Sch\u00fcler. Bei uns kann man alle Abschl\u00fcsse erreichen. Wir erwarten Selbst\u00e4ndigkeit &hellip;<\/p>\n","protected":false},"author":1,"featured_media":0,"parent":0,"menu_order":0,"comment_status":"closed","ping_status":"closed","template":"","meta":{"footnotes":""},"_links":{"self":[{"href":"https:\/\/peterustinovschule.de\/index.php?rest_route=\/wp\/v2\/pages\/3617"}],"collection":[{"href":"https:\/\/peterustinovschule.de\/index.php?rest_route=\/wp\/v2\/pages"}],"about":[{"href":"https:\/\/peterustinovschule.de\/index.php?rest_route=\/wp\/v2\/types\/page"}],"author":[{"embeddable":true,"href":"https:\/\/peterustinovschule.de\/index.php?rest_route=\/wp\/v2\/users\/1"}],"replies":[{"embeddable":true,"href":"https:\/\/peterustinovschule.de\/index.php?rest_route=%2Fwp%2Fv2%2Fcomments&post=3617"}],"version-history":[{"count":0,"href":"https:\/\/peterustinovschule.de\/index.php?rest_route=\/wp\/v2\/pages\/3617\/revisions"}],"wp:attachment":[{"href":"https:\/\/peterustinovschule.de\/index.php?rest_route=%2Fwp%2Fv2%2Fmedia&parent=3617"}],"curies":[{"name":"wp","href":"https:\/\/api.w.org\/{rel}","templated":true}]}}