{"id":254,"date":"2020-10-16T10:51:22","date_gmt":"2020-10-16T08:51:22","guid":{"rendered":"http:\/\/peterustinovschule.de\/?page_id=254"},"modified":"2024-07-03T10:35:30","modified_gmt":"2024-07-03T08:35:30","slug":"schuelervertretung","status":"publish","type":"page","link":"https:\/\/peterustinovschule.de\/?page_id=254","title":{"rendered":"Sch\u00fclervertretung"},"content":{"rendered":"\n<figure class=\"wp-block-image size-large is-style-rounded\"><img decoding=\"async\" loading=\"lazy\" width=\"1024\" height=\"768\" src=\"https:\/\/peterustinovschule.de\/wp-content\/uploads\/2024\/07\/Gruppenfoto-SV-2024-1-1024x768.png\" alt=\"\" class=\"wp-image-4173\" srcset=\"https:\/\/peterustinovschule.de\/wp-content\/uploads\/2024\/07\/Gruppenfoto-SV-2024-1-1024x768.png 1024w, https:\/\/peterustinovschule.de\/wp-content\/uploads\/2024\/07\/Gruppenfoto-SV-2024-1-300x225.png 300w, https:\/\/peterustinovschule.de\/wp-content\/uploads\/2024\/07\/Gruppenfoto-SV-2024-1-768x576.png 768w, https:\/\/peterustinovschule.de\/wp-content\/uploads\/2024\/07\/Gruppenfoto-SV-2024-1-1536x1152.png 1536w, https:\/\/peterustinovschule.de\/wp-content\/uploads\/2024\/07\/Gruppenfoto-SV-2024-1-2048x1536.png 2048w, https:\/\/peterustinovschule.de\/wp-content\/uploads\/2024\/07\/Gruppenfoto-SV-2024-1-400x300.png 400w\" sizes=\"(max-width: 1024px) 100vw, 1024px\" \/><figcaption class=\"wp-element-caption\">*Nicht mit auf dem Foto: Leni H\u00f6neise, Hevi Abdo<\/figcaption><\/figure>\n\n\n\n<div style=\"height:100px\" aria-hidden=\"true\" class=\"wp-block-spacer\"><\/div>\n\n\n<div class=\"style-382 style-local-254-c1 position-relative\" data-colibri-id=\"254-c1\">\n<div id=\"custom\" class=\"h-section h-section-global-spacing d-flex align-items-lg-center align-items-md-center align-items-center style-401 style-local-254-c20 position-relative\" data-colibri-component=\"section\" data-colibri-id=\"254-c20\">\n<div class=\"h-section-grid-container h-section-boxed-container\">\n<div class=\"h-row-container gutters-row-lg-2 gutters-row-md-2 gutters-row-0 gutters-row-v-lg-2 gutters-row-v-md-2 gutters-row-v-2 style-402 style-local-254-c21 position-relative\" data-colibri-id=\"254-c21\">\n<div class=\"h-row justify-content-lg-center justify-content-md-center justify-content-center align-items-lg-stretch align-items-md-stretch align-items-stretch gutters-col-lg-2 gutters-col-md-2 gutters-col-0 gutters-col-v-lg-2 gutters-col-v-md-2 gutters-col-v-2\">\n<div class=\"h-column h-column-container d-flex h-col-lg-auto h-col-md-auto h-col-auto style-403-outer style-local-254-c22-outer\">\n<div class=\"d-flex h-flex-basis h-column__inner h-px-lg-2 h-px-md-2 h-px-2 v-inner-lg-2 v-inner-md-2 v-inner-2 style-403 style-local-254-c22 position-relative\" data-colibri-id=\"254-c22\">\n<div class=\"w-100 h-y-container h-column__content h-column__v-align flex-basis-100 align-self-lg-start align-self-md-start align-self-start\">\n<div>\u00a0<\/div>\n<div class=\"d-block style-405 style-local-254-c24 position-relative h-element\" data-colibri-id=\"254-c24\">\n<div class=\"h-image__frame-container-outer\">\n<div class=\"h-image__frame h-hide-lg h-hide-md h-hide-sm style-405-frameImage style-local-254-c24-frameImage\">Die Sch\u00fclervertretung (SV) besteht aus einer Gruppe von Sch\u00fclerinnen und Sch\u00fcler unserer Schule, die jedes Jahr von den gew\u00e4hlten Klassensprechern und Klassensprecherinnen gew\u00e4hlt wird. Die SV hat unter anderem das Privileg, auf der Schulkonferenz im Namen der gesamten Sch\u00fclerschaft an Abstimmungen teilzunehmen.<\/div>\n<h3>\u00a0<\/h3>\n<h3 class=\"h-image__frame h-hide-lg h-hide-md h-hide-sm style-405-frameImage style-local-254-c24-frameImage\">Die aktuelle SV sind:<\/h3>\n<div class=\"h-image__frame h-hide-lg h-hide-md h-hide-sm style-405-frameImage style-local-254-c24-frameImage\">\u25cf Hevi Abdo<br \/>\u25cf Tarje Augustin<br \/>\u25cf Jonna Bahnsen<br \/>\u25cf Arjana Daquri<br \/>\u25cf Berzan G\u00f6z<br \/>\u25cf Leni Marie H\u00f6neise<br \/>\u25cf Lotta Jegust<br \/>\u25cf Laura L\u00f6wenstrom<br \/>\u25cf Jona Mae Morsbach<br \/>\u25cf Elen Sarapli<br \/>\u25cf Sophie Emilia Schreiber<br \/>\u25cf Jakob Steinborn<br \/>\u25cf Marie-Charlotte Wenige<br \/>\u25cf Keeke Lilith Wolfhagen<\/div>\n<h3>\u00a0<\/h3>\n<h3 class=\"h-image__frame h-hide-lg h-hide-md h-hide-sm style-405-frameImage style-local-254-c24-frameImage\">Was macht eigentlich die SV?<\/h3>\n<div class=\"h-image__frame h-hide-lg h-hide-md h-hide-sm style-405-frameImage style-local-254-c24-frameImage\">Die Hauptaufgabe der Sch\u00fclervertretung (SV) besteht darin, Kritik, Anregungen und Ideen der Sch\u00fclerschaft zu aktuellen schulischen Themen zu sammeln. Durch regelm\u00e4\u00dfige Klassensprecherkonferenzen, zu denen alle Klassensprecher\/-innen eingeladen sind, haben die Sch\u00fcler\/-innen die Gelegenheit, ihre Vorschl\u00e4ge einzubringen. Sollte ein Anliegen nicht bis zur n\u00e4chsten Klassensprecherkonferenz aufgeschoben werden k\u00f6nnen, besteht die M\u00f6glichkeit, uns entweder eine Nachricht ins Fach beim Sekretariat zu legen, ein SV-Mitglied pers\u00f6nlich anzusprechen, einen Brief in unseren Briefkasten am Haupteingang bei den Vertretungspl\u00e4nen zu werfen oder uns eine E-Mail an sv-extern@pus-eck.org zu schreiben. Die T\u00e4tigkeiten in der Sch\u00fclervertretung (SV) sind \u00e4u\u00dferst vielf\u00e4ltig, und wir sch\u00e4tzen die Zusammenarbeit in einem gemischten Team aus verschiedenen Klassenstufen sehr. Die SV setzt sich aktiv daf\u00fcr ein, das Recht der Sch\u00fclerschaft wahrzunehmen, den Schulalltag zu erleichtern und zu optimieren. Wir engagieren uns bei Entscheidungen, vertreten die Meinung der Sch\u00fclerschaft gegen\u00fcber den Lehrkr\u00e4ften und gehen gegen willk\u00fcrliche Entscheidungen vor.<\/div>\n<div class=\"h-image__frame h-hide-lg h-hide-md h-hide-sm style-405-frameImage style-local-254-c24-frameImage\">Aktuell arbeiten wir an mehreren Projekten. Eines unserer aktuellen Arbeitsfelder ist der Neubau der Schule, an dem wir aktiv mitwirken. Dar\u00fcber hinaus setzen wir uns f\u00fcr die Installation von Periodenproduktspendern auf den Toiletten ein, um die Bed\u00fcrfnisse unserer Sch\u00fclerinnen zu unterst\u00fctzen. Ein weiteres bedeutendes Projekt war die \u00dcberarbeitung der Handyordnung, um den Einsatz von Mobilger\u00e4ten in der Schule effektiver zu regeln. Die SV bleibt bestrebt, die Interessen der Sch\u00fclerschaft zu vertreten und einen positiven Beitrag zur schulischen Gemeinschaft zu leisten. Die Verbindungslehrkr\u00e4fte Kirsten Vorbach und Tobias Schmidt stehen Seite an Seite mit und f\u00fcr die SV im Einsatz.<\/div>\n<div>\u00a0<\/div>\n<div class=\"h-image__frame h-hide-lg h-hide-md h-hide-sm style-405-frameImage style-local-254-c24-frameImage\">Eure SV<\/div>\n<div class=\"h-image__frame h-hide-lg h-hide-md h-hide-sm style-405-frameImage style-local-254-c24-frameImage\">i. A. Tarje Augustin<\/div>\n<\/div>\n<\/div>\n<\/div>\n<\/div>\n<\/div>\n<\/div>\n<\/div>\n<\/div>\n<\/div>\n<\/div>","protected":false},"excerpt":{"rendered":"<p>\u00a0 Die Sch\u00fclervertretung (SV) besteht aus einer Gruppe von Sch\u00fclerinnen und Sch\u00fcler unserer Schule, die jedes Jahr von den gew\u00e4hlten Klassensprechern und Klassensprecherinnen gew\u00e4hlt wird. &hellip;<\/p>\n","protected":false},"author":1,"featured_media":0,"parent":0,"menu_order":0,"comment_status":"closed","ping_status":"closed","template":"","meta":{"footnotes":""},"_links":{"self":[{"href":"https:\/\/peterustinovschule.de\/index.php?rest_route=\/wp\/v2\/pages\/254"}],"collection":[{"href":"https:\/\/peterustinovschule.de\/index.php?rest_route=\/wp\/v2\/pages"}],"about":[{"href":"https:\/\/peterustinovschule.de\/index.php?rest_route=\/wp\/v2\/types\/page"}],"author":[{"embeddable":true,"href":"https:\/\/peterustinovschule.de\/index.php?rest_route=\/wp\/v2\/users\/1"}],"replies":[{"embeddable":true,"href":"https:\/\/peterustinovschule.de\/index.php?rest_route=%2Fwp%2Fv2%2Fcomments&post=254"}],"version-history":[{"count":0,"href":"https:\/\/peterustinovschule.de\/index.php?rest_route=\/wp\/v2\/pages\/254\/revisions"}],"wp:attachment":[{"href":"https:\/\/peterustinovschule.de\/index.php?rest_route=%2Fwp%2Fv2%2Fmedia&parent=254"}],"curies":[{"name":"wp","href":"https:\/\/api.w.org\/{rel}","templated":true}]}}