{"id":249,"date":"2020-10-16T10:51:22","date_gmt":"2020-10-16T08:51:22","guid":{"rendered":"http:\/\/peterustinovschule.de\/?page_id=249"},"modified":"2026-03-08T13:46:06","modified_gmt":"2026-03-08T12:46:06","slug":"schulelternbeirat","status":"publish","type":"page","link":"https:\/\/peterustinovschule.de\/?page_id=249","title":{"rendered":"Schulelternbeirat"},"content":{"rendered":"\n<p><strong>Liebe Eltern,<\/strong><br><br>Schule und Bildungspolitik befinden sich in einem stetigen Wandel. Deshalb ist Elternarbeit und -mitwirkung wichtig und erforderlich, denn Bildung und Lernen sind nicht allein Sache der Schule. Sie bed\u00fcrfen der Unterst\u00fctzung durch die Eltern, denn Erziehung ist vornehmlich die Aufgabe des Elternhauses. Das Schulleben gelingt nachweislich besser bei enger und vertrauensvoller Zusammenarbeit von Elternhaus und Schule. Alle Beteiligten f\u00fchlen sich wohler und davon profitieren unsere Kinder in ihrer Einstellung zum Lernen und zur Schule. Um in diesem Sinne das Schulklima positiv zu beeinflussen, geh\u00f6rt es zu den Aufgaben der Elternbeir\u00e4te<br><br>&#8211; das Vertrauen zwischen Schule und Elternhaus zu festigen,<br>&#8211; das Interesse und die Verantwortung der Eltern f\u00fcr die Aufgaben der Erziehung zu wahren und zu pflegen,<br>&#8211; der Elternschaft Gelegenheit zur Information und Aussprache zu geben,<br>&#8211; Anregungen der Eltern aufzunehmen und weiterzuleiten,<br>&#8211; vom Mitbestimmungsrecht der Eltern Gebrauch zu machen,<br>&#8211; das Verst\u00e4ndnis der \u00d6ffentlichkeit f\u00fcr Erziehung und Unterricht zu st\u00e4rken,<br>&#8211; den Anliegen von Schule in der Gesellschaft und Politik Geh\u00f6r zu verschaffen.<br><br>Die wesentlichen Aufgaben und Funktionen des Schulelternbeirates (SEB) ergeben sich aus dem Schleswig-Holsteinischen Schulgesetz (S-H SchulG). Demnach ist der Schulelternbeirat das Bindeglied zur Schulverwaltung. Er setzt sich zusammen aus allen gew\u00e4hlten Klassenelternvertretern und k\u00fcmmert sich um die Belange, die die gesamte Schule betreffen. In den regelm\u00e4\u00dfig stattfindenden Sitzungen werden die Mitglieder des Schulelternbeirates von der Schulleitung \u00fcber alle grundlegenden, die Schule betreffenden Fragen informiert. Hier werden aktuelle Themen er\u00f6rtert, aus schulinternen Konferenzen und Gremien\/Arbeitsgruppen berichtet sowie Informationen aus verschiedenen Bereichen ausgetauscht. F\u00fcr einen reibungslosen Informationsfluss auch in die einzelnen Klassen, sollte m\u00f6glichst immer ein Vertreter oder eine Vertreterin je Klassenelternbeirat daran teilnehmen. Auch als nicht gew\u00e4hlter Elternvertreter bietet sich die M\u00f6glichkeit an der Gestaltung der Schule mitzuwirken. Dabei geht es nicht in erster Linie um finanzielle Unterst\u00fctzung, sondern vor allem um die \u00dcbernahme von Verantwortung. Eltern k\u00f6nnen den Schulalltag in vielerlei Hinsicht zu bereichern:<br><br>&#8211; Eltern helfen bei Veranstaltungen an der Schule,<br>&#8211; Eltern stellen ihr berufliches Wissen oder ihre Kenntnisse in einem Spezialgebiet (Hobby) zur Verf\u00fcgung,<br>&#8211; Eltern f\u00f6rdern z. B. den Sch\u00fcleraustausch, indem sie Gastsch\u00fcler in der Familie aufnehmen,<br>&#8211; Eltern unterst\u00fctzen die Lehrkr\u00e4fte durch Begleitung bei Wandertagen oder Fahrten.<br><br>Es ist unser Ziel, als gew\u00e4hlte Elternvertreter der Peter-Ustinov-Schule, Bew\u00e4hrtes zu pflegen und gute Ans\u00e4tze weiterzuf\u00fchren, Verbesserungsbed\u00fcrftiges aufzuzeigen und an Ver\u00e4nderungen mitzuarbeiten, damit unsere Schule ein lebendiger Ort zum Lernen und Leben ist. Wir sind jederzeit erreichbar per Mail unter seb-pus-eck@web.de und stehen dadurch f\u00fcr den Dialog mit der Elternschaft zur Verf\u00fcgung; sind f\u00fcr Anregungen und Fragen offen und freuen uns \u00fcber konstruktive Vorschl\u00e4ge. Dem Vorstand des Schulelternbeirates geh\u00f6ren derzeit folgende Elternvertreterinnen und Elternvertreter an:<br><br><br><br><\/p>\n\n\n\n<p><strong>Info Schulelternbeirat Peter-Ustinov-Schule Eckernf\u00f6rde<\/strong> eMail des SEB: <a rel=\"noreferrer noopener\" href=\"mailto:sebpuseck@gmail.com\" target=\"_blank\">sebpuseck@gmail.com<\/a><\/p>\n\n\n\n<div class=\"wp-block-columns is-layout-flex wp-container-4 wp-block-columns-is-layout-flex\">\n<div class=\"wp-block-column is-layout-flow wp-block-column-is-layout-flow\">\n<figure class=\"wp-block-image size-full is-style-rounded\"><img decoding=\"async\" loading=\"lazy\" width=\"400\" height=\"500\" src=\"https:\/\/peterustinovschule.de\/wp-content\/uploads\/2026\/03\/Stefanie_Knieper-2.jpg\" alt=\"\" class=\"wp-image-5339\" srcset=\"https:\/\/peterustinovschule.de\/wp-content\/uploads\/2026\/03\/Stefanie_Knieper-2.jpg 400w, https:\/\/peterustinovschule.de\/wp-content\/uploads\/2026\/03\/Stefanie_Knieper-2-240x300.jpg 240w\" sizes=\"(max-width: 400px) 100vw, 400px\" \/><figcaption class=\"wp-element-caption\"><strong>1. Vorsitz:<\/strong> Stefanie Knieper<\/figcaption><\/figure>\n<\/div>\n\n\n\n<div class=\"wp-block-column is-layout-flow wp-block-column-is-layout-flow\">\n<figure class=\"wp-block-image size-full is-style-rounded\"><img decoding=\"async\" loading=\"lazy\" width=\"400\" height=\"500\" src=\"https:\/\/peterustinovschule.de\/wp-content\/uploads\/2026\/03\/Alexandra_Grothusen.jpg\" alt=\"\" class=\"wp-image-5340\" srcset=\"https:\/\/peterustinovschule.de\/wp-content\/uploads\/2026\/03\/Alexandra_Grothusen.jpg 400w, https:\/\/peterustinovschule.de\/wp-content\/uploads\/2026\/03\/Alexandra_Grothusen-240x300.jpg 240w\" sizes=\"(max-width: 400px) 100vw, 400px\" \/><figcaption class=\"wp-element-caption\"><strong>Stel. Vorsitz:&nbsp;<\/strong>Alexandra Grothusen<\/figcaption><\/figure>\n<\/div>\n\n\n\n<div class=\"wp-block-column is-layout-flow wp-block-column-is-layout-flow\">\n<figure class=\"wp-block-image size-full is-style-rounded\"><img decoding=\"async\" loading=\"lazy\" width=\"400\" height=\"500\" src=\"https:\/\/peterustinovschule.de\/wp-content\/uploads\/2026\/03\/Ann-Kathrin_Leckband.jpg\" alt=\"\" class=\"wp-image-5341\" srcset=\"https:\/\/peterustinovschule.de\/wp-content\/uploads\/2026\/03\/Ann-Kathrin_Leckband.jpg 400w, https:\/\/peterustinovschule.de\/wp-content\/uploads\/2026\/03\/Ann-Kathrin_Leckband-240x300.jpg 240w\" sizes=\"(max-width: 400px) 100vw, 400px\" \/><figcaption class=\"wp-element-caption\"><strong>Beisitz 1:&nbsp;<\/strong>Ann-Kathrin Leckband<\/figcaption><\/figure>\n<\/div>\n<\/div>\n\n\n\n<div style=\"height:23px\" aria-hidden=\"true\" class=\"wp-block-spacer\"><\/div>\n\n\n\n<div class=\"wp-block-columns is-layout-flex wp-container-8 wp-block-columns-is-layout-flex\">\n<div class=\"wp-block-column is-layout-flow wp-block-column-is-layout-flow\">\n<figure class=\"wp-block-image size-full is-resized is-style-rounded\"><img decoding=\"async\" loading=\"lazy\" width=\"400\" height=\"500\" src=\"https:\/\/peterustinovschule.de\/wp-content\/uploads\/2026\/03\/Kathrin_Andresen.jpg\" alt=\"\" class=\"wp-image-5342\" style=\"aspect-ratio:0.8;width:405px;height:auto\" srcset=\"https:\/\/peterustinovschule.de\/wp-content\/uploads\/2026\/03\/Kathrin_Andresen.jpg 400w, https:\/\/peterustinovschule.de\/wp-content\/uploads\/2026\/03\/Kathrin_Andresen-240x300.jpg 240w\" sizes=\"(max-width: 400px) 100vw, 400px\" \/><figcaption class=\"wp-element-caption\"><strong>Beisitz 2:<\/strong>&nbsp;Kathrin Andresen<\/figcaption><\/figure>\n<\/div>\n\n\n\n<div class=\"wp-block-column is-layout-flow wp-block-column-is-layout-flow\">\n<figure class=\"wp-block-image size-full is-style-rounded\"><img decoding=\"async\" loading=\"lazy\" width=\"400\" height=\"500\" src=\"https:\/\/peterustinovschule.de\/wp-content\/uploads\/2026\/03\/Inga_Joester.jpg\" alt=\"\" class=\"wp-image-5343\" srcset=\"https:\/\/peterustinovschule.de\/wp-content\/uploads\/2026\/03\/Inga_Joester.jpg 400w, https:\/\/peterustinovschule.de\/wp-content\/uploads\/2026\/03\/Inga_Joester-240x300.jpg 240w\" sizes=\"(max-width: 400px) 100vw, 400px\" \/><figcaption class=\"wp-element-caption\"><strong>Beisitz 3:<\/strong>&nbsp;Inga J\u00f6ster<\/figcaption><\/figure>\n<\/div>\n\n\n\n<div class=\"wp-block-column is-layout-flow wp-block-column-is-layout-flow\">\n<figure class=\"wp-block-image size-full is-style-rounded\"><img decoding=\"async\" loading=\"lazy\" width=\"400\" height=\"500\" src=\"https:\/\/peterustinovschule.de\/wp-content\/uploads\/2026\/03\/Henning_Knieper.jpg\" alt=\"\" class=\"wp-image-5344\" srcset=\"https:\/\/peterustinovschule.de\/wp-content\/uploads\/2026\/03\/Henning_Knieper.jpg 400w, https:\/\/peterustinovschule.de\/wp-content\/uploads\/2026\/03\/Henning_Knieper-240x300.jpg 240w\" sizes=\"(max-width: 400px) 100vw, 400px\" \/><figcaption class=\"wp-element-caption\"><strong>Beisitz 4:<\/strong>&nbsp;Henning Knieper<\/figcaption><\/figure>\n<\/div>\n<\/div>\n\n\n\n<div style=\"height:19px\" aria-hidden=\"true\" class=\"wp-block-spacer\"><\/div>\n\n\n\n<p><strong>Beisitz 5:<\/strong>  Torsten\u00a0H\u00f6neise<\/p>\n\n\n\n<p><strong>Schriftf\u00fchrung:<\/strong>&nbsp;Marlies Dafay<\/p>\n","protected":false},"excerpt":{"rendered":"<p>Liebe Eltern, Schule und Bildungspolitik befinden sich in einem stetigen Wandel. Deshalb ist Elternarbeit und -mitwirkung wichtig und erforderlich, denn Bildung und Lernen sind nicht &hellip;<\/p>\n","protected":false},"author":1,"featured_media":0,"parent":0,"menu_order":0,"comment_status":"closed","ping_status":"closed","template":"","meta":{"footnotes":""},"_links":{"self":[{"href":"https:\/\/peterustinovschule.de\/index.php?rest_route=\/wp\/v2\/pages\/249"}],"collection":[{"href":"https:\/\/peterustinovschule.de\/index.php?rest_route=\/wp\/v2\/pages"}],"about":[{"href":"https:\/\/peterustinovschule.de\/index.php?rest_route=\/wp\/v2\/types\/page"}],"author":[{"embeddable":true,"href":"https:\/\/peterustinovschule.de\/index.php?rest_route=\/wp\/v2\/users\/1"}],"replies":[{"embeddable":true,"href":"https:\/\/peterustinovschule.de\/index.php?rest_route=%2Fwp%2Fv2%2Fcomments&post=249"}],"version-history":[{"count":0,"href":"https:\/\/peterustinovschule.de\/index.php?rest_route=\/wp\/v2\/pages\/249\/revisions"}],"wp:attachment":[{"href":"https:\/\/peterustinovschule.de\/index.php?rest_route=%2Fwp%2Fv2%2Fmedia&parent=249"}],"curies":[{"name":"wp","href":"https:\/\/api.w.org\/{rel}","templated":true}]}}