{"id":1292,"date":"2020-05-05T11:14:00","date_gmt":"2020-05-05T09:14:00","guid":{"rendered":"http:\/\/peterustinovschule.de\/?page_id=1292"},"modified":"2026-01-15T08:52:59","modified_gmt":"2026-01-15T07:52:59","slug":"freizeitkonzept","status":"publish","type":"page","link":"https:\/\/peterustinovschule.de\/?page_id=1292","title":{"rendered":"Freizeitstation"},"content":{"rendered":"\n<h1 class=\"wp-block-heading has-sitetext-color has-text-color\">Die Freizeitstation<\/h1>\n\n\n\n<p class=\"has-sitetext-color has-text-color\">Die Peter-Ustinov-Schule ist eine Ganztagsschule, die f\u00fcr die Sch\u00fclerinnen und Sch\u00fcler Lern- und Lebensort sein soll. Unser vielf\u00e4ltiges Angebot in der Mittagszeit zwischen dem Unterricht am Vormittag und am Nachmittag bietet den Sch\u00fclerinnen und Sch\u00fclern die M\u00f6glichkeit, ihren jeweiligen Begabungen und Interessen nachzugehen, aber auch Unterst\u00fctzung in einzelnen F\u00e4chern zu erhalten. Unsere Freizeitangebote umfassen unter anderem Angebote f\u00fcr Bewegung, Kreativit\u00e4t, Forschung, Knobeln, Musik und Entspannung. In diesen jahrgangs\u00fcbergreifenden Freizeiten soll auch das soziale Miteinander gef\u00f6rdert werden. Die Angebote werden von Lehrkr\u00e4ften, Sch\u00fclerinnen und Sch\u00fclern der Oberstufe und externen Kr\u00e4ften gestaltet.<\/p>\n\n\n\n<p>Die Peter-Ustinov-Schule ist eine gebundene Ganztagsschule und hat ein weites Einzugsgebiet. Daher haben auch die Sch\u00fclerinnen und Sch\u00fcler weite Wege. Wenn der Schultag um 7:50 startet und um 15 Uhr, freitags in der Regel um 12:15 Uhr endet, ist da oft noch Zeit, bis z.B. die Busse fahren; Zeit, die es zu \u00fcberbr\u00fccken gibt. Daf\u00fcr und f\u00fcr vieles Anderes haben wir die Freizeitstation. Von 7:00 Uhr bis 16:00 Uhr (freitags bis 13:30 Uhr) ist diese ge\u00f6ffnet.<\/p>\n\n\n\n<div style=\"height:33px\" aria-hidden=\"true\" class=\"wp-block-spacer\"><\/div>\n\n\n\n<h2 class=\"wp-block-heading\">Das Team<\/h2>\n\n\n\n<p>Das Team besteht aus der Freizeitleitung (Stefan Bendkowsky) und zwei bis drei FSJlerinnen oder FSJlern. Diese wechseln sich ab mit den Zust\u00e4ndigkeiten f\u00fcr die jeweiligen R\u00e4ume (s.u.).<\/p>\n\n\n\n<p>F\u00fcr die Mittags-Freizeit-Angebote kommen externe Honorarkr\u00e4fte (die \u00fcber die Diakonie und den F\u00f6rderverein des Jugend-Blasorchesters finanziert werden), Sch\u00fclerinnen und Sch\u00fcler aus der Oberstufe und Lehrerinnen und Lehrer dazu.<\/p>\n\n\n\n<div style=\"height:44px\" aria-hidden=\"true\" class=\"wp-block-spacer\"><\/div>\n\n\n\n<h2 class=\"wp-block-heading\">Die M\u00f6glichkeiten und Bereiche der Freizeitstation<\/h2>\n\n\n\n<p>Zur Freizeitstation geh\u00f6ren drei R\u00e4ume, der Bereich der unteren Pausenhalle, ein Innenhof und ein B\u00fcro f\u00fcr Pausen, Gespr\u00e4che und die Freizeitleitung.<\/p>\n\n\n\n<figure class=\"wp-block-image size-full is-style-rounded\"><img decoding=\"async\" loading=\"lazy\" width=\"925\" height=\"450\" src=\"https:\/\/peterustinovschule.de\/wp-content\/uploads\/2026\/01\/Bild1.jpg\" alt=\"\" class=\"wp-image-5048\" srcset=\"https:\/\/peterustinovschule.de\/wp-content\/uploads\/2026\/01\/Bild1.jpg 925w, https:\/\/peterustinovschule.de\/wp-content\/uploads\/2026\/01\/Bild1-300x146.jpg 300w, https:\/\/peterustinovschule.de\/wp-content\/uploads\/2026\/01\/Bild1-768x374.jpg 768w, https:\/\/peterustinovschule.de\/wp-content\/uploads\/2026\/01\/Bild1-583x284.jpg 583w\" sizes=\"(max-width: 925px) 100vw, 925px\" \/><\/figure>\n\n\n\n<div style=\"height:28px\" aria-hidden=\"true\" class=\"wp-block-spacer\"><\/div>\n\n\n\n<p>Die Freizeitstation ist integraler Bestandteil des Schulalltags. Sie \u00fcbernimmt die Aufsicht (in ihren R\u00e4umen), wenn f\u00fcr Klassen (in Randstunden) oder auch am Tag der Unterricht entf\u00e4llt und keine Vertretungslehrkraft mehr Kontingente hat. (In diesen F\u00e4llen sind die Sch\u00fclerinnen und Sch\u00fcler (S*S) dazu verpflichtet, sich selbstst\u00e4ndig in der Freizeitstation anzumelden und sich dort aufzuhalten). Auch vor und nach dem regul\u00e4ren Unterricht ist die Freizeitstation daf\u00fcr da.<\/p>\n\n\n\n<p><\/p>\n\n\n\n<p>Es gibt einen Ruhebereich und Tische und St\u00fchle, die zu den verschiedensten Aktivit\u00e4ten und zum \u201enur da sein\u201c einladen. Die S*S k\u00f6nnen sich dazu verschiedenste Spiele entleihen, Aktivit\u00e4ts-, Bastel- und Malmaterial steht zur Verf\u00fcgung und nat\u00fcrlich besteht die M\u00f6glichkeit zu lernen, Aufgaben zu machen etc., auch ein offenes Ohr ist immer da und Platz und Raum, um einfach nur da zu sein.<\/p>\n\n\n\n<div class=\"wp-block-columns is-layout-flex wp-container-3 wp-block-columns-is-layout-flex\">\n<div class=\"wp-block-column is-layout-flow wp-block-column-is-layout-flow\">\n<figure class=\"wp-block-image size-full is-style-rounded\"><img decoding=\"async\" loading=\"lazy\" width=\"752\" height=\"397\" src=\"https:\/\/peterustinovschule.de\/wp-content\/uploads\/2026\/01\/Bild2.jpg\" alt=\"\" class=\"wp-image-5049\" srcset=\"https:\/\/peterustinovschule.de\/wp-content\/uploads\/2026\/01\/Bild2.jpg 752w, https:\/\/peterustinovschule.de\/wp-content\/uploads\/2026\/01\/Bild2-300x158.jpg 300w, https:\/\/peterustinovschule.de\/wp-content\/uploads\/2026\/01\/Bild2-568x300.jpg 568w\" sizes=\"(max-width: 752px) 100vw, 752px\" \/><\/figure>\n<\/div>\n\n\n\n<div class=\"wp-block-column is-layout-flow wp-block-column-is-layout-flow\">\n<figure class=\"wp-block-image size-full is-resized is-style-rounded\"><img decoding=\"async\" loading=\"lazy\" width=\"925\" height=\"450\" src=\"https:\/\/peterustinovschule.de\/wp-content\/uploads\/2026\/01\/Bild1-1.jpg\" alt=\"\" class=\"wp-image-5050\" style=\"aspect-ratio:2.0555555555555554;width:661px;height:auto\" srcset=\"https:\/\/peterustinovschule.de\/wp-content\/uploads\/2026\/01\/Bild1-1.jpg 925w, https:\/\/peterustinovschule.de\/wp-content\/uploads\/2026\/01\/Bild1-1-300x146.jpg 300w, https:\/\/peterustinovschule.de\/wp-content\/uploads\/2026\/01\/Bild1-1-768x374.jpg 768w, https:\/\/peterustinovschule.de\/wp-content\/uploads\/2026\/01\/Bild1-1-583x284.jpg 583w\" sizes=\"(max-width: 925px) 100vw, 925px\" \/><\/figure>\n<\/div>\n<\/div>\n\n\n\n<div style=\"height:30px\" aria-hidden=\"true\" class=\"wp-block-spacer\"><\/div>\n\n\n\n<p>Die Lehrkr\u00e4fte k\u00f6nnen in der Freizeitstation Surfaces, I-Pads, Beamer\u2026 buchen und f\u00fcr die S*S ausleihen \/ f\u00fcr den Unterricht abholen. Auch Plakate, Stifte, Papier, Scheren \u2013 also Material f\u00fcr den Unterricht, Pr\u00e4sentationen, Gruppenarbeiten k\u00f6nnen sich die S*S hier ausleihen \/ abholen.<\/p>\n\n\n\n<figure class=\"wp-block-image size-large is-style-rounded\"><img decoding=\"async\" loading=\"lazy\" width=\"1024\" height=\"392\" src=\"https:\/\/peterustinovschule.de\/wp-content\/uploads\/2026\/01\/Bild4-1024x392.jpg\" alt=\"\" class=\"wp-image-5051\" srcset=\"https:\/\/peterustinovschule.de\/wp-content\/uploads\/2026\/01\/Bild4-1024x392.jpg 1024w, https:\/\/peterustinovschule.de\/wp-content\/uploads\/2026\/01\/Bild4-300x115.jpg 300w, https:\/\/peterustinovschule.de\/wp-content\/uploads\/2026\/01\/Bild4-768x294.jpg 768w, https:\/\/peterustinovschule.de\/wp-content\/uploads\/2026\/01\/Bild4-583x223.jpg 583w, https:\/\/peterustinovschule.de\/wp-content\/uploads\/2026\/01\/Bild4.jpg 1107w\" sizes=\"(max-width: 1024px) 100vw, 1024px\" \/><\/figure>\n\n\n\n<div style=\"height:25px\" aria-hidden=\"true\" class=\"wp-block-spacer\"><\/div>\n\n\n\n<p>In den Pausen und w\u00e4hrend des Freizeitbandes k\u00f6nnen dann auch B\u00e4lle (Fu\u00dfball, Basketball, Volleyball), Tischtennis- und Federballschl\u00e4ger, Tischkickerb\u00e4lle, Diabolos, Kendamas, Darts, Wikingerschach, Boule, Jongliermaterial, Billardkugeln &amp; Queues in der Freizeitstation ausgeliehen werden.<\/p>\n\n\n\n<p>Genutzt wird die Frei-zeitstation aber auch von S*S in Lernzeiten, bei Gruppenarbeiten u.a.<\/p>\n\n\n\n<p>Die Freizeitstation ist auch eine R\u00fcckzugsm\u00f6glichkeit bei akuten Konflikten und bei \u201e\u00dcberforderung\u201c im laufenden Unterricht, bzw. \u00fcber den ganzen Schultag. Sie versucht den S*S einen Wohlf\u00fchlort und einen Safe-Space zu bieten.<\/p>\n\n\n\n<p>Die Arbeit des Freizeitteams ist wertsch\u00e4tzender Beziehungsaufbau und Beziehungspflege, sie ist (schul-) alltagsorientiert, unterst\u00fctzend und bed\u00fcrfnisorientiert.<\/p>\n\n\n\n<div style=\"height:47px\" aria-hidden=\"true\" class=\"wp-block-spacer\"><\/div>\n\n\n\n<h2 class=\"wp-block-heading has-sitetext-color has-text-color\">Aktivraum<\/h2>\n\n\n\n<p>Ein Raum in dem die S*S sich auch \u201esportlich bet\u00e4tigen k\u00f6nnen\u201c.<\/p>\n\n\n\n<p>Darts-Scheiben, Hanteln, Reckstange, Springseile, ein Boxsack, Boxhandschuhe, und Yoga-Matten sind schon vorhanden. Jonglier-Material, Schwungt\u00fccher, B\u00e4lle u.a. k\u00f6nnen \u00fcber die Freizeitstation ausgeliehen werden.<\/p>\n\n\n\n<figure class=\"wp-block-image size-full is-style-rounded\"><img decoding=\"async\" loading=\"lazy\" width=\"841\" height=\"378\" src=\"https:\/\/peterustinovschule.de\/wp-content\/uploads\/2026\/01\/Bild5.png\" alt=\"\" class=\"wp-image-5052\" srcset=\"https:\/\/peterustinovschule.de\/wp-content\/uploads\/2026\/01\/Bild5.png 841w, https:\/\/peterustinovschule.de\/wp-content\/uploads\/2026\/01\/Bild5-300x135.png 300w, https:\/\/peterustinovschule.de\/wp-content\/uploads\/2026\/01\/Bild5-768x345.png 768w, https:\/\/peterustinovschule.de\/wp-content\/uploads\/2026\/01\/Bild5-583x262.png 583w\" sizes=\"(max-width: 841px) 100vw, 841px\" \/><\/figure>\n\n\n\n<div style=\"height:22px\" aria-hidden=\"true\" class=\"wp-block-spacer\"><\/div>\n\n\n\n<p>Dieser Raum ist im Wandel und es werden neue \u201eGer\u00e4te\u201c dazukommen: eine mobile Tischtennisplatte, Ger\u00e4te zur Balance- und Konzentrations\u00fcbung, Pratzen, Matten\u2026<\/p>\n\n\n\n<p>Hier werden auch AGs angeboten (z.B. Jonglieren, HipHop, Darts, Yoga).<\/p>\n\n\n\n<div style=\"height:26px\" aria-hidden=\"true\" class=\"wp-block-spacer\"><\/div>\n\n\n\n<h3 class=\"wp-block-heading\">B\u00fccherei<\/h3>\n\n\n\n<p>Die B\u00fccherei ist eine Kinder- und Jugendb\u00fccherei. Sie ist nach B\u00fcchern f\u00fcr die Unterstufe, Mittelstufe und Oberstufe und nach Fantasy, Krimis und Romanen sortiert, zudem gibt es einen Sachbuchbereich. Es gibt drei PC-Arbeitspl\u00e4tze und eine sehr alte, aber sehr gem\u00fctliche Sofaecke, weitere Sitzgelegenheiten und Tische und St\u00fchle.<\/p>\n\n\n\n<div class=\"wp-block-columns is-layout-flex wp-container-6 wp-block-columns-is-layout-flex\">\n<div class=\"wp-block-column is-layout-flow wp-block-column-is-layout-flow\">\n<figure class=\"wp-block-image size-full is-style-rounded\"><img decoding=\"async\" loading=\"lazy\" width=\"621\" height=\"279\" src=\"https:\/\/peterustinovschule.de\/wp-content\/uploads\/2026\/01\/Bild6.jpg\" alt=\"\" class=\"wp-image-5053\" srcset=\"https:\/\/peterustinovschule.de\/wp-content\/uploads\/2026\/01\/Bild6.jpg 621w, https:\/\/peterustinovschule.de\/wp-content\/uploads\/2026\/01\/Bild6-300x135.jpg 300w, https:\/\/peterustinovschule.de\/wp-content\/uploads\/2026\/01\/Bild6-583x262.jpg 583w\" sizes=\"(max-width: 621px) 100vw, 621px\" \/><\/figure>\n<\/div>\n\n\n\n<div class=\"wp-block-column is-layout-flow wp-block-column-is-layout-flow\">\n<figure class=\"wp-block-image size-full is-resized is-style-rounded\"><img decoding=\"async\" loading=\"lazy\" width=\"376\" height=\"170\" src=\"https:\/\/peterustinovschule.de\/wp-content\/uploads\/2026\/01\/Bild7.png\" alt=\"\" class=\"wp-image-5054\" style=\"aspect-ratio:2.211764705882353;width:602px;height:auto\" srcset=\"https:\/\/peterustinovschule.de\/wp-content\/uploads\/2026\/01\/Bild7.png 376w, https:\/\/peterustinovschule.de\/wp-content\/uploads\/2026\/01\/Bild7-300x136.png 300w\" sizes=\"(max-width: 376px) 100vw, 376px\" \/><\/figure>\n<\/div>\n<\/div>\n\n\n\n<div style=\"height:27px\" aria-hidden=\"true\" class=\"wp-block-spacer\"><\/div>\n\n\n\n<p>Hier k\u00f6nnen B\u00fccher entliehen werden, es ist aber auch ein ruhiger Raum zum Arbeiten, Lernen, Lesen und \u201eleise Pause machen\u201c.<\/p>\n\n\n\n<p>F\u00fcr die Lesezeit k\u00f6nnen sich die Klassen hier B\u00fccherkisten zusammenstellen, die sie dann am Anfang der Lesestunde abholen und danach zur\u00fcckbringen. Auch \u201emal so zwischendurch\u201c werden diese Kisten gerne genutzt.<\/p>\n\n\n\n<div style=\"height:36px\" aria-hidden=\"true\" class=\"wp-block-spacer\"><\/div>\n\n\n\n<h2 class=\"wp-block-heading\">Bereich \u201euntere Pausenhalle\u201c<\/h2>\n\n\n\n<p>Hier stehen drei Tischkicker und ein Billardtisch, die in der \u201eMittagszeit\u201c und den kurzen Pausen genutzt werden k\u00f6nnen. Auch Tische und Sitzm\u00f6glichkeiten bietet dieser Bereich, einerseits f\u00fcr die Lernzeit, andererseits, f\u00fcr den Fall, dass es in der Freizeitstation mal zu eng ist.<\/p>\n\n\n\n<figure class=\"wp-block-image size-full is-style-rounded\"><img decoding=\"async\" loading=\"lazy\" width=\"509\" height=\"289\" src=\"https:\/\/peterustinovschule.de\/wp-content\/uploads\/2026\/01\/Bild8.jpg\" alt=\"\" class=\"wp-image-5055\" srcset=\"https:\/\/peterustinovschule.de\/wp-content\/uploads\/2026\/01\/Bild8.jpg 509w, https:\/\/peterustinovschule.de\/wp-content\/uploads\/2026\/01\/Bild8-300x170.jpg 300w\" sizes=\"(max-width: 509px) 100vw, 509px\" \/><\/figure>\n\n\n\n<div style=\"height:39px\" aria-hidden=\"true\" class=\"wp-block-spacer\"><\/div>\n\n\n\n<h2 class=\"wp-block-heading has-sitetext-color has-text-color\">Bereich \u201eInnenhof\u201c<\/h2>\n\n\n\n<p>Diesen haben die S*S gerade f\u00fcr sich entdeckt. Hier wird mit den Diabolos gespielt, Springseil gesprungen, Kendama gespielt, Jongliert \u2026<\/p>\n\n\n\n<div style=\"height:36px\" aria-hidden=\"true\" class=\"wp-block-spacer\"><\/div>\n\n\n\n<h2 class=\"wp-block-heading\">Die Angebote in der Mittagspause \/ das Freizeitband<\/h2>\n\n\n\n<p>Montags bis donnerstags sind die 5. &#8211; 7. Stunde (also von 12:30 bis 13:55 Uhr) f\u00fcr die Unterstufe frei von regul\u00e4rem Unterricht. Die SuS k\u00f6nnen in der Mensa essen, Hausaufgaben machen, lernen\u2026 oder sich entspannen, daf\u00fcr k\u00f6nnen die M\u00f6glichkeiten der Freizeitstation genutzt werden.<\/p>\n\n\n\n<p>Damit die Zeit nicht zu lang wird, werden in dieser Zeit verschiedenen AGs angeboten. Die S*S der 5ten und 6ten Klassen m\u00fcssen 2 AGs (pro Woche, je Halbjahr) besuchen, die S*S der 7ten und 8ten Klassen nur noch eine AG. Zeitgleich finden die Orchesterproben und der Instrumentalunterricht statt. S*S die im Orchester spielen, m\u00fcssen die AGs Angebote nicht wahrnehmen, k\u00f6nnen aber.<\/p>\n\n\n\n<p>Die Orchester sind je nach Jahrg\u00e4ngen (ab der 6ten Klasse) zusammengesetzt und auch der Instrumentalunterricht ist danach aufgebaut. Um die Organisation (wann die Orchesterproben und wann der Instrumentalunterricht stattfindet und den Aushang daf\u00fcr) k\u00fcmmert sich die zust\u00e4ndige Koordinatorin.<\/p>\n\n\n\n<p>Anfang des Schulhalbjahres gibt es einen Aushang, welche AGs im anstehenden Halbjahr angeboten werden. In der ersten Wahl-Woche k\u00f6nnen sich die S*S diese anschauen (Schnuppern) und danach die erste Wahl treffen, welche AG sie w\u00e4hlen und dann auch im kommenden Halbjahr regelm\u00e4\u00dfig besuchen. Diese Wahl l\u00e4uft digital \u00fcber isev \u2013 \u201eKurswahlen\u201c \u2013 (z.B.) \u201eFreizeitwahl 1H 2025\/26\u201c. Oft folgt dann eine Kompaktwoche. Nach dieser starten die AGs und die S*S k\u00f6nnen eine weitere AG w\u00e4hlen. Wer weitere AGs belegen m\u00f6chte, kann sie dann in der kommenden Woche w\u00e4hlen. (Es sollte aber immer nur eine AG am Tag belegt werden, damit noch etwas Zeit bleibt zum Essen, Entspannen\u2026).<\/p>\n\n\n\n<p>Die Teilnahme an den AGs und dem Instrumentalunterricht ist verpflichtend. Anwesenheitslisten werden regelm\u00e4\u00dfig gef\u00fchrt. Wer zu oft unentschuldigt fehlt, bekommt f\u00fcr diese AG im Zeugnis kein \u201eerfolgreich teilgenommen\u201c eingetragen und muss im kommenden Halbjahr ggf. eine zus\u00e4tzliche AG belegen. Im Zeugnis wird die erfolgreiche Teilnahme an den AGs vermerkt.<\/p>\n\n\n\n<div style=\"height:52px\" aria-hidden=\"true\" class=\"wp-block-spacer\"><\/div>\n\n\n\n<h2 class=\"wp-block-heading\">FSJlerin \/ FSJler an der PUS<\/h2>\n\n\n\n<p>Um diese R\u00e4ume und Bereich \u201eversorgen\u201c und anbieten k\u00f6nnen, sind wir sehr froh, dass wir seit vielen Jahren mit dem DRK Landesverband Schleswig-Holstein e.V. Freiwilligendienste (<a href=\"https:\/\/freiwillig.sh\/\">https:\/\/freiwillig.sh\/<\/a>) erfolgreich zusammenarbeiten. Die FSJlerinnen und FSJler unterst\u00fctzen einerseits den Freizeitleiter bei dem Verleih und Ausgabe von Spielen, Materialien und Ger\u00e4ten (und dabei, dass dieses auch wieder zur\u00fcckkommt, wohin es \/ sie geh\u00f6ren, bzw. dass es nachbestellt wird), dem Verwalten die Listen f\u00fcr die AGs und den Instrumentalunterricht, tragen Sorge daf\u00fcr, dass die Leitenden der AGs und des Instrumentalunterrichtes Schl\u00fcssel und Material haben.<\/p>\n\n\n\n<p>Andererseits begleiten sie Ausfl\u00fcge und unterst\u00fctzen im Unterricht in den Klassen bei Bedarf, helfen bei der Kurswahl, sind beim Lernatelier dabei, bieten AGs an. Sie sind unsere guten Geister, die \u00fcberall da, wo sie gebraucht werden, ihr Bestes geben.<\/p>\n\n\n\n<p>Gemeinsam sorgt das Freizeitteam f\u00fcr die Bereitstellung und Nutzbarkeit der R\u00e4ume und Bereiche, die zur Freizeitstation geh\u00f6ren. Material sichten, sortieren, und nachbestellen, B\u00fccher katalogisieren, einsortieren systematisieren und verleihen und haben fast immer ein offenes Ohr und Zeit f\u00fcr Anliegen, Fragen und Ideen der Sch\u00fclerinnen und Sch\u00fcler und Lehrerinnen und Lehrer.<\/p>\n\n\n\n<div style=\"height:17px\" aria-hidden=\"true\" class=\"wp-block-spacer\"><\/div>\n\n\n\n<h2 class=\"wp-block-heading\">\u00d6ffnungszeiten der Freizeitstation<\/h2>\n\n\n\n<p>w\u00e4hrend der Schulzeiten:&nbsp;<\/p>\n\n\n\n<p>Montag bis Donnerstag: 7.00 Uhr -16.00 Uhr<\/p>\n\n\n\n<p>Freitag: 7.00 Uhr &#8211; 13.30 Uhr<\/p>\n\n\n\n<div style=\"height:33px\" aria-hidden=\"true\" class=\"wp-block-spacer\"><\/div>\n\n\n\n<h2 class=\"wp-block-heading\">Kontaktdaten<strong> <\/strong><\/h2>\n\n\n\n<p>Freizeitleiter der Peter-Ustinov-Schule:<br>Benne \/ Stefan Bendkowsky<br>Handy: 0155 630 022 38 (dienstl.)<br>Tel: 04351 &#8211; 732 518<br><a href=\"mailto:stefan.bendkowsky@pus-eck.org\">stefan.bendkowsky@pus-eck.org<\/a><\/p>\n\n\n\n<div style=\"height:33px\" aria-hidden=\"true\" class=\"wp-block-spacer\"><\/div>\n\n\n\n<h2 class=\"wp-block-heading has-sitetext-color has-text-color\"><strong>FSJler \/ FSJlerinnen:<\/strong><\/h2>\n\n\n\n<p><a href=\"mailto:freizeitstation@pus-eck.org\">freizeitstation@pus-eck.org<\/a><\/p>\n\n\n\n<p>Schuljahr 2025\/2026: Bendik S. und Marek B.<\/p>\n\n\n\n<div style=\"height:53px\" aria-hidden=\"true\" class=\"wp-block-spacer\"><\/div>\n\n\n\n<p>Stand Januar 2026<\/p>\n","protected":false},"excerpt":{"rendered":"<p>Die Freizeitstation Die Peter-Ustinov-Schule ist eine Ganztagsschule, die f\u00fcr die Sch\u00fclerinnen und Sch\u00fcler Lern- und Lebensort sein soll. Unser vielf\u00e4ltiges Angebot in der Mittagszeit zwischen &hellip;<\/p>\n","protected":false},"author":1,"featured_media":0,"parent":0,"menu_order":0,"comment_status":"closed","ping_status":"closed","template":"","meta":{"footnotes":""},"_links":{"self":[{"href":"https:\/\/peterustinovschule.de\/index.php?rest_route=\/wp\/v2\/pages\/1292"}],"collection":[{"href":"https:\/\/peterustinovschule.de\/index.php?rest_route=\/wp\/v2\/pages"}],"about":[{"href":"https:\/\/peterustinovschule.de\/index.php?rest_route=\/wp\/v2\/types\/page"}],"author":[{"embeddable":true,"href":"https:\/\/peterustinovschule.de\/index.php?rest_route=\/wp\/v2\/users\/1"}],"replies":[{"embeddable":true,"href":"https:\/\/peterustinovschule.de\/index.php?rest_route=%2Fwp%2Fv2%2Fcomments&post=1292"}],"version-history":[{"count":0,"href":"https:\/\/peterustinovschule.de\/index.php?rest_route=\/wp\/v2\/pages\/1292\/revisions"}],"wp:attachment":[{"href":"https:\/\/peterustinovschule.de\/index.php?rest_route=%2Fwp%2Fv2%2Fmedia&parent=1292"}],"curies":[{"name":"wp","href":"https:\/\/api.w.org\/{rel}","templated":true}]}}